{"id":281,"date":"2022-11-25T15:01:48","date_gmt":"2022-11-25T15:01:48","guid":{"rendered":"https:\/\/joogarada.ee\/pood\/?page_id=281"},"modified":"2022-12-01T11:33:42","modified_gmt":"2022-12-01T11:33:42","slug":"kohaletoimetamine","status":"publish","type":"page","link":"https:\/\/joogarada.ee\/pood\/kohaletoimetamine\/","title":{"rendered":"Kohaletoimetamine"},"content":{"rendered":"\n<h1 class=\"wp-block-heading\">Kohaletoimetamine<\/h1>\n\n\n\n<h3 class=\"wp-block-heading\">K\u00e4ttetoimetamise aeg:<\/h3>\n\n\n\n<p>Eesti siseselt j\u00f5uavad tellitud tooted \u00fcldjuhul ostja m\u00e4\u00e4ratud sihtpunkti 3-7 t\u00f6\u00f6p\u00e4eva jooksul p\u00e4rast tellimuse fikseerimist MT\u00dc Joogarada (edaspidi Veebipood) poolt. Osadele toodetele v\u00f5ib kehtida pikem k\u00e4ttetoimetamise aeg. Seda juhul, kui tegemist on eritellimusega. Antud juhul lepitakse tarneaeg kliendiga eraldi kokku.<br>Veebipood j\u00e4tab endale \u00f5iguse erinevate tarneaegadega toodete tellimusi poolitada ning tarnida neid mitmes jaos.<br>Veebipood ei vastuta Kaupade kohaletoimetamise viivituse ja tekkinud arusaamatuste eest juhul, kui need on tingitud Kasutaja poolt tellimuse vormistamisel esitatud andmete ebat\u00e4psusest v\u00f5i eba\u00f5igsusest.<br>Oma kaupa tarnime me nii Eestisse, kui ka erikokkuleppel teistesse riikidesse.<\/p>\n\n\n\n<h3 class=\"wp-block-heading\">Vali omale k\u00f5ige mugavam k\u00e4ttetoimetamisviis!<\/h3>\n\n\n\n<p><strong>\u201cTulen ise kaubale j\u00e4rgi\u201d<\/strong> transpordiviisi korral. V\u00f5imalik on tulla pakile ise j\u00e4rele MT\u00dc Joogarada pesasse, Laagris. Eelnevalt lepi kokku aeg emaili teel kylli@joogarada.ee v\u00f5i helista 51 40 152. Valides oma toodetele ise j\u00e4rgi tulla, on Sul v\u00f5imalik kohapeal ka kauba eest sularahas tasuda.<\/p>\n\n\n\n<p><strong>OMNIVA PAKIAUTOMAAT\u00a0\u2013 3\u20ac<\/strong><br>Omniva pakiautomaadid on Baltikumis ainulaadne v\u00e4litingimustes kasutatav pakiautomaat. Kauba saabumisel saadetakse Sulle SMS ja\/v\u00f5i e-kiri, milles on kirjas pakiautomaadi asukoht, uksekood, tagastuskood ja hoiut\u00e4htaja l\u00f5pp.<\/p>\n\n\n\n<p><strong>ITELLA SMARTPOST\u00a0\u2013 3\u20ac<\/strong><br>Itella SmartPOSTi pakiautomaadid on iseteeninduslikud postkontorid, mis on paigaldatud erinevatesse kaubanduskeskustesse \u00fcle Eesti. Kui pakk j\u00f5uab Teie poolt valitud pakiautomaati, saadetakse koheselt Teie mobiilile vastava sisuga sms ja soovi korral ka e-mail. S\u00f5num sisaldab infot paki saabumise, automaadi asukoha ja lahtiolekuaegade kohta ning personaalset uksekoodi.<\/p>\n\n\n\n<p><strong>DPD PAKIAUTOMAAT\u00a0\u2013 3\u20ac<\/strong><\/p>\n","protected":false},"excerpt":{"rendered":"<p>Kohaletoimetamine K\u00e4ttetoimetamise aeg: Eesti siseselt j\u00f5uavad tellitud tooted \u00fcldjuhul ostja m\u00e4\u00e4ratud sihtpunkti 3-7 t\u00f6\u00f6p\u00e4eva jooksul p\u00e4rast tellimuse fikseerimist MT\u00dc Joogarada (edaspidi Veebipood) poolt. Osadele toodetele v\u00f5ib kehtida pikem k\u00e4ttetoimetamise aeg. Seda juhul, kui tegemist on eritellimusega. Antud juhul lepitakse tarneaeg kliendiga eraldi kokku.Veebipood j\u00e4tab endale \u00f5iguse erinevate tarneaegadega toodete tellimusi poolitada ning tarnida neid mitmes<a class=\"moretag\" href=\"https:\/\/joogarada.ee\/pood\/kohaletoimetamine\/\"><span class=\"screen-reader-text\">Read more about Kohaletoimetamine<\/span>[&#8230;]<\/a><\/p>\n","protected":false},"author":1,"featured_media":0,"parent":0,"menu_order":0,"comment_status":"closed","ping_status":"closed","template":"","meta":{"footnotes":""},"class_list":["post-281","page","type-page","status-publish","hentry"],"_links":{"self":[{"href":"https:\/\/joogarada.ee\/pood\/wp-json\/wp\/v2\/pages\/281","targetHints":{"allow":["GET"]}}],"collection":[{"href":"https:\/\/joogarada.ee\/pood\/wp-json\/wp\/v2\/pages"}],"about":[{"href":"https:\/\/joogarada.ee\/pood\/wp-json\/wp\/v2\/types\/page"}],"author":[{"embeddable":true,"href":"https:\/\/joogarada.ee\/pood\/wp-json\/wp\/v2\/users\/1"}],"replies":[{"embeddable":true,"href":"https:\/\/joogarada.ee\/pood\/wp-json\/wp\/v2\/comments?post=281"}],"version-history":[{"count":3,"href":"https:\/\/joogarada.ee\/pood\/wp-json\/wp\/v2\/pages\/281\/revisions"}],"predecessor-version":[{"id":326,"href":"https:\/\/joogarada.ee\/pood\/wp-json\/wp\/v2\/pages\/281\/revisions\/326"}],"wp:attachment":[{"href":"https:\/\/joogarada.ee\/pood\/wp-json\/wp\/v2\/media?parent=281"}],"curies":[{"name":"wp","href":"https:\/\/api.w.org\/{rel}","templated":true}]}}