{"id":23,"date":"2022-11-12T12:40:56","date_gmt":"2022-11-12T12:40:56","guid":{"rendered":"https:\/\/joogarada.ee\/pood\/?post_type=product&#038;p=23"},"modified":"2025-01-06T14:35:43","modified_gmt":"2025-01-06T14:35:43","slug":"joogialuste-komplekt","status":"publish","type":"product","link":"https:\/\/joogarada.ee\/pood\/product\/joogialuste-komplekt\/","title":{"rendered":"Joogialuste komplekt"},"content":{"rendered":"","protected":false},"excerpt":{"rendered":"<p>Neli erineva s\u00f5numi ja pildiga joogi v\u00e4estamise alust pakituna oman\u00e4olisse kinkepakki.<\/p>\n<p>Kaasas kaardike kasutusjuhendiga:<\/p>\n<p><em>\u201eVali joogialus, mille s\u00f5num hetkel puudutab,<\/em><\/p>\n<p><em>korda seda lauset, hoides jooki k\u00e4es &#8211;<\/em><\/p>\n<p><em>pane kordamisse kogu soovimise kirg.<\/em><\/p>\n<p><em>Kuni jook Sind seestpoolt jahutab v\u00f5i kuumutab,<\/em><\/p>\n<p><em>las ta annab Sulle kaasa s\u00f5numilt ka v\u00e4e &#8211;<\/em><\/p>\n<p><em>saagu sellest t\u00e4idetud Su s\u00fcda, vaim ja hing!<\/em><em> \u201c<\/em><\/p>\n","protected":false},"featured_media":253,"template":"","meta":[],"product_cat":[21],"product_tag":[],"class_list":["post-23","product","type-product","status-publish","has-post-thumbnail","hentry","product_cat-joogialus"],"_links":{"self":[{"href":"https:\/\/joogarada.ee\/pood\/wp-json\/wp\/v2\/product\/23","targetHints":{"allow":["GET"]}}],"collection":[{"href":"https:\/\/joogarada.ee\/pood\/wp-json\/wp\/v2\/product"}],"about":[{"href":"https:\/\/joogarada.ee\/pood\/wp-json\/wp\/v2\/types\/product"}],"wp:featuredmedia":[{"embeddable":true,"href":"https:\/\/joogarada.ee\/pood\/wp-json\/wp\/v2\/media\/253"}],"wp:attachment":[{"href":"https:\/\/joogarada.ee\/pood\/wp-json\/wp\/v2\/media?parent=23"}],"wp:term":[{"taxonomy":"product_cat","embeddable":true,"href":"https:\/\/joogarada.ee\/pood\/wp-json\/wp\/v2\/product_cat?post=23"},{"taxonomy":"product_tag","embeddable":true,"href":"https:\/\/joogarada.ee\/pood\/wp-json\/wp\/v2\/product_tag?post=23"}],"curies":[{"name":"wp","href":"https:\/\/api.w.org\/{rel}","templated":true}]}}