{"id":234,"date":"2022-11-21T09:29:44","date_gmt":"2022-11-21T09:29:44","guid":{"rendered":"https:\/\/joogarada.ee\/pood\/?post_type=product&#038;p=234"},"modified":"2025-01-06T14:30:08","modified_gmt":"2025-01-06T14:30:08","slug":"jarjehoidja-vota-aega","status":"publish","type":"product","link":"https:\/\/joogarada.ee\/pood\/product\/jarjehoidja-vota-aega\/","title":{"rendered":"J\u00e4rjehoidja &#8211; V\u00f5ta aega olemiseks!"},"content":{"rendered":"","protected":false},"excerpt":{"rendered":"<p>Elu j\u00e4rje hoidja &#8211; oman\u00e4oline ja asjalik kingiidee, millel mitu praktilist v\u00e4\u00e4rtust:<\/p>\n<ol>\n<li>Kameeleon l\u00e4ikega helkur<\/li>\n<li>Valgel ajal unikaalne ja pilkup\u00fc\u00fcdev (rinna)m\u00e4rk<\/li>\n<li>Pehme tekstuuriga j\u00e4rjehoidja<\/li>\n<li>Tagak\u00fcljel s\u00fcdamlik luuletus<\/li>\n<li>12 erinevat pilti ja toetavat s\u00f5numit<\/li>\n<\/ol>\n<p>J\u00e4rjehoidja m\u00f5\u00f5t: 7\u00d721 cm<\/p>\n<p>Foto: <a href=\"http:\/\/kadripalta.com\" target=\"_blank\" rel=\"noopener\">kadripalta.com<\/a><\/p>\n","protected":false},"featured_media":235,"template":"","meta":[],"product_cat":[19],"product_tag":[],"class_list":["post-234","product","type-product","status-publish","has-post-thumbnail","hentry","product_cat-jarjehoidjad"],"_links":{"self":[{"href":"https:\/\/joogarada.ee\/pood\/wp-json\/wp\/v2\/product\/234","targetHints":{"allow":["GET"]}}],"collection":[{"href":"https:\/\/joogarada.ee\/pood\/wp-json\/wp\/v2\/product"}],"about":[{"href":"https:\/\/joogarada.ee\/pood\/wp-json\/wp\/v2\/types\/product"}],"wp:featuredmedia":[{"embeddable":true,"href":"https:\/\/joogarada.ee\/pood\/wp-json\/wp\/v2\/media\/235"}],"wp:attachment":[{"href":"https:\/\/joogarada.ee\/pood\/wp-json\/wp\/v2\/media?parent=234"}],"wp:term":[{"taxonomy":"product_cat","embeddable":true,"href":"https:\/\/joogarada.ee\/pood\/wp-json\/wp\/v2\/product_cat?post=234"},{"taxonomy":"product_tag","embeddable":true,"href":"https:\/\/joogarada.ee\/pood\/wp-json\/wp\/v2\/product_tag?post=234"}],"curies":[{"name":"wp","href":"https:\/\/api.w.org\/{rel}","templated":true}]}}