{"id":75,"date":"2022-11-16T16:03:55","date_gmt":"2022-11-16T16:03:55","guid":{"rendered":"https:\/\/joogarada.ee\/pood\/?post_type=product&#038;p=75"},"modified":"2025-01-06T14:35:42","modified_gmt":"2025-01-06T14:35:42","slug":"helkur","status":"publish","type":"product","link":"https:\/\/joogarada.ee\/pood\/product\/helkur\/","title":{"rendered":"Helkur"},"content":{"rendered":"","protected":false},"excerpt":{"rendered":"<p class=\"Standard\"><span lang=\"EN-GB\">P\u00e4evasel ajal olulise s\u00f5numiga pilkup\u00fc\u00fcdev rinnam\u00e4rk.<\/span><\/p>\n<p class=\"Standard\"><span lang=\"EN-GB\">Pimedal ajal kameeleon l\u00e4ikega helkurm\u00e4rk koti v\u00f5i jaki k\u00fclge.<\/span><\/p>\n","protected":false},"featured_media":138,"template":"","meta":[],"product_cat":[26],"product_tag":[],"class_list":["post-75","product","type-product","status-publish","has-post-thumbnail","hentry","product_cat-helkur"],"_links":{"self":[{"href":"https:\/\/joogarada.ee\/pood\/wp-json\/wp\/v2\/product\/75","targetHints":{"allow":["GET"]}}],"collection":[{"href":"https:\/\/joogarada.ee\/pood\/wp-json\/wp\/v2\/product"}],"about":[{"href":"https:\/\/joogarada.ee\/pood\/wp-json\/wp\/v2\/types\/product"}],"wp:featuredmedia":[{"embeddable":true,"href":"https:\/\/joogarada.ee\/pood\/wp-json\/wp\/v2\/media\/138"}],"wp:attachment":[{"href":"https:\/\/joogarada.ee\/pood\/wp-json\/wp\/v2\/media?parent=75"}],"wp:term":[{"taxonomy":"product_cat","embeddable":true,"href":"https:\/\/joogarada.ee\/pood\/wp-json\/wp\/v2\/product_cat?post=75"},{"taxonomy":"product_tag","embeddable":true,"href":"https:\/\/joogarada.ee\/pood\/wp-json\/wp\/v2\/product_tag?post=75"}],"curies":[{"name":"wp","href":"https:\/\/api.w.org\/{rel}","templated":true}]}}